{"id":2220,"date":"2024-01-08T19:42:38","date_gmt":"2024-01-08T19:42:38","guid":{"rendered":"https:\/\/balinadoo.com\/?post_type=product&#038;p=2220"},"modified":"2024-02-09T13:41:39","modified_gmt":"2024-02-09T13:41:39","slug":"guma-8028b","status":"publish","type":"product","link":"https:\/\/balinadoo.com\/?product=guma-8028b","title":{"rendered":"Guma za kupatilo"},"content":{"rendered":"<p><strong>Guma za kupatilo je napravljena od posebnog materijala koji spre\u010dava klizanje po mokrim povr\u0161inama. Uz to \u0161to su korisne, gume za kupatilo dolaze u raznim bojama i dezenima, pa mogu dodati malo stila tvojoj kupaonici!<\/strong><\/p>\n","protected":false},"excerpt":{"rendered":"<p>Guma 8028B<\/p>\n","protected":false},"featured_media":2223,"comment_status":"open","ping_status":"closed","template":"","meta":{"site-sidebar-layout":"default","site-content-layout":"","ast-site-content-layout":"default","site-content-style":"default","site-sidebar-style":"default","ast-global-header-display":"","ast-banner-title-visibility":"","ast-main-header-display":"","ast-hfb-above-header-display":"","ast-hfb-below-header-display":"","ast-hfb-mobile-header-display":"","site-post-title":"","ast-breadcrumbs-content":"","ast-featured-img":"","footer-sml-layout":"","theme-transparent-header-meta":"default","adv-header-id-meta":"","stick-header-meta":"","header-above-stick-meta":"","header-main-stick-meta":"","header-below-stick-meta":"","astra-migrate-meta-layouts":"set","ast-page-background-enabled":"default","ast-page-background-meta":{"desktop":{"background-color":"","background-image":"","background-repeat":"repeat","background-position":"center center","background-size":"auto","background-attachment":"scroll","background-type":"","background-media":"","overlay-type":"","overlay-color":"","overlay-gradient":""},"tablet":{"background-color":"","background-image":"","background-repeat":"repeat","background-position":"center center","background-size":"auto","background-attachment":"scroll","background-type":"","background-media":"","overlay-type":"","overlay-color":"","overlay-gradient":""},"mobile":{"background-color":"","background-image":"","background-repeat":"repeat","background-position":"center center","background-size":"auto","background-attachment":"scroll","background-type":"","background-media":"","overlay-type":"","overlay-color":"","overlay-gradient":""}},"ast-content-background-meta":{"desktop":{"background-color":"var(--ast-global-color-5)","background-image":"","background-repeat":"repeat","background-position":"center center","background-size":"auto","background-attachment":"scroll","background-type":"","background-media":"","overlay-type":"","overlay-color":"","overlay-gradient":""},"tablet":{"background-color":"var(--ast-global-color-5)","background-image":"","background-repeat":"repeat","background-position":"center center","background-size":"auto","background-attachment":"scroll","background-type":"","background-media":"","overlay-type":"","overlay-color":"","overlay-gradient":""},"mobile":{"background-color":"var(--ast-global-color-5)","background-image":"","background-repeat":"repeat","background-position":"center center","background-size":"auto","background-attachment":"scroll","background-type":"","background-media":"","overlay-type":"","overlay-color":"","overlay-gradient":""}}},"product_cat":[48,44],"product_tag":[49,47],"class_list":{"0":"post-2220","1":"product","2":"type-product","3":"status-publish","4":"has-post-thumbnail","6":"product_cat-guma","7":"product_cat-kupatilo","8":"product_tag-guma","9":"product_tag-kupatilo","10":"desktop-align-center","11":"tablet-align-left","12":"mobile-align-left","14":"first","15":"instock","16":"taxable","17":"shipping-taxable","18":"purchasable","19":"product-type-variable"},"yoast_head":"<!-- This site is optimized with the Yoast SEO plugin v24.1 - https:\/\/yoast.com\/wordpress\/plugins\/seo\/ -->\n<title>Guma za kupatilo - Balina d.o.o.<\/title>\n<meta name=\"robots\" content=\"index, follow, max-snippet:-1, max-image-preview:large, max-video-preview:-1\" \/>\n<link rel=\"canonical\" href=\"https:\/\/balinadoo.com\/?product=guma-8028b\" \/>\n<meta property=\"og:locale\" content=\"en_US\" \/>\n<meta property=\"og:type\" content=\"article\" \/>\n<meta property=\"og:title\" content=\"Guma za kupatilo - Balina d.o.o.\" \/>\n<meta property=\"og:description\" content=\"Guma 8028B\" \/>\n<meta property=\"og:url\" content=\"https:\/\/balinadoo.com\/?product=guma-8028b\" \/>\n<meta property=\"og:site_name\" content=\"Balina d.o.o.\" \/>\n<meta property=\"article:modified_time\" content=\"2024-02-09T13:41:39+00:00\" \/>\n<meta property=\"og:image\" content=\"https:\/\/balinadoo.com\/wp-content\/uploads\/2024\/01\/guma-crna-8028B-scaled.jpeg\" \/>\n\t<meta property=\"og:image:width\" content=\"1920\" \/>\n\t<meta property=\"og:image:height\" content=\"2560\" \/>\n\t<meta property=\"og:image:type\" content=\"image\/jpeg\" \/>\n<meta name=\"twitter:card\" content=\"summary_large_image\" \/>\n<script type=\"application\/ld+json\" class=\"yoast-schema-graph\">{\"@context\":\"https:\/\/schema.org\",\"@graph\":[{\"@type\":\"WebPage\",\"@id\":\"https:\/\/balinadoo.com\/?product=guma-8028b\",\"url\":\"https:\/\/balinadoo.com\/?product=guma-8028b\",\"name\":\"Guma za kupatilo - Balina d.o.o.\",\"isPartOf\":{\"@id\":\"https:\/\/balinadoo.com\/#website\"},\"primaryImageOfPage\":{\"@id\":\"https:\/\/balinadoo.com\/?product=guma-8028b#primaryimage\"},\"image\":{\"@id\":\"https:\/\/balinadoo.com\/?product=guma-8028b#primaryimage\"},\"thumbnailUrl\":\"https:\/\/balinadoo.com\/wp-content\/uploads\/2024\/01\/guma-crna-8028B-scaled.jpeg\",\"datePublished\":\"2024-01-08T19:42:38+00:00\",\"dateModified\":\"2024-02-09T13:41:39+00:00\",\"breadcrumb\":{\"@id\":\"https:\/\/balinadoo.com\/?product=guma-8028b#breadcrumb\"},\"inLanguage\":\"en-US\",\"potentialAction\":[{\"@type\":\"ReadAction\",\"target\":[\"https:\/\/balinadoo.com\/?product=guma-8028b\"]}]},{\"@type\":\"ImageObject\",\"inLanguage\":\"en-US\",\"@id\":\"https:\/\/balinadoo.com\/?product=guma-8028b#primaryimage\",\"url\":\"https:\/\/balinadoo.com\/wp-content\/uploads\/2024\/01\/guma-crna-8028B-scaled.jpeg\",\"contentUrl\":\"https:\/\/balinadoo.com\/wp-content\/uploads\/2024\/01\/guma-crna-8028B-scaled.jpeg\",\"width\":1920,\"height\":2560},{\"@type\":\"BreadcrumbList\",\"@id\":\"https:\/\/balinadoo.com\/?product=guma-8028b#breadcrumb\",\"itemListElement\":[{\"@type\":\"ListItem\",\"position\":1,\"name\":\"Home\",\"item\":\"https:\/\/balinadoo.com\/\"},{\"@type\":\"ListItem\",\"position\":2,\"name\":\"Prodavnica\",\"item\":\"https:\/\/balinadoo.com\/?page_id=1613\"},{\"@type\":\"ListItem\",\"position\":3,\"name\":\"Guma za kupatilo\"}]},{\"@type\":\"WebSite\",\"@id\":\"https:\/\/balinadoo.com\/#website\",\"url\":\"https:\/\/balinadoo.com\/\",\"name\":\"Balina d.o.o.\",\"description\":\"\",\"publisher\":{\"@id\":\"https:\/\/balinadoo.com\/#organization\"},\"potentialAction\":[{\"@type\":\"SearchAction\",\"target\":{\"@type\":\"EntryPoint\",\"urlTemplate\":\"https:\/\/balinadoo.com\/?s={search_term_string}\"},\"query-input\":{\"@type\":\"PropertyValueSpecification\",\"valueRequired\":true,\"valueName\":\"search_term_string\"}}],\"inLanguage\":\"en-US\"},{\"@type\":\"Organization\",\"@id\":\"https:\/\/balinadoo.com\/#organization\",\"name\":\"Balina d.o.o.\",\"url\":\"https:\/\/balinadoo.com\/\",\"logo\":{\"@type\":\"ImageObject\",\"inLanguage\":\"en-US\",\"@id\":\"https:\/\/balinadoo.com\/#\/schema\/logo\/image\/\",\"url\":\"https:\/\/balinadoo.com\/wp-content\/uploads\/2020\/02\/eb144ab4-88cd-44e9-8d0f-800a3cad3623.jpg\",\"contentUrl\":\"https:\/\/balinadoo.com\/wp-content\/uploads\/2020\/02\/eb144ab4-88cd-44e9-8d0f-800a3cad3623.jpg\",\"width\":866,\"height\":1024,\"caption\":\"Balina d.o.o.\"},\"image\":{\"@id\":\"https:\/\/balinadoo.com\/#\/schema\/logo\/image\/\"}}]}<\/script>\n<!-- \/ Yoast SEO plugin. -->","yoast_head_json":{"title":"Guma za kupatilo - Balina d.o.o.","robots":{"index":"index","follow":"follow","max-snippet":"max-snippet:-1","max-image-preview":"max-image-preview:large","max-video-preview":"max-video-preview:-1"},"canonical":"https:\/\/balinadoo.com\/?product=guma-8028b","og_locale":"en_US","og_type":"article","og_title":"Guma za kupatilo - Balina d.o.o.","og_description":"Guma 8028B","og_url":"https:\/\/balinadoo.com\/?product=guma-8028b","og_site_name":"Balina d.o.o.","article_modified_time":"2024-02-09T13:41:39+00:00","og_image":[{"width":1920,"height":2560,"url":"https:\/\/balinadoo.com\/wp-content\/uploads\/2024\/01\/guma-crna-8028B-scaled.jpeg","type":"image\/jpeg"}],"twitter_card":"summary_large_image","schema":{"@context":"https:\/\/schema.org","@graph":[{"@type":"WebPage","@id":"https:\/\/balinadoo.com\/?product=guma-8028b","url":"https:\/\/balinadoo.com\/?product=guma-8028b","name":"Guma za kupatilo - Balina d.o.o.","isPartOf":{"@id":"https:\/\/balinadoo.com\/#website"},"primaryImageOfPage":{"@id":"https:\/\/balinadoo.com\/?product=guma-8028b#primaryimage"},"image":{"@id":"https:\/\/balinadoo.com\/?product=guma-8028b#primaryimage"},"thumbnailUrl":"https:\/\/balinadoo.com\/wp-content\/uploads\/2024\/01\/guma-crna-8028B-scaled.jpeg","datePublished":"2024-01-08T19:42:38+00:00","dateModified":"2024-02-09T13:41:39+00:00","breadcrumb":{"@id":"https:\/\/balinadoo.com\/?product=guma-8028b#breadcrumb"},"inLanguage":"en-US","potentialAction":[{"@type":"ReadAction","target":["https:\/\/balinadoo.com\/?product=guma-8028b"]}]},{"@type":"ImageObject","inLanguage":"en-US","@id":"https:\/\/balinadoo.com\/?product=guma-8028b#primaryimage","url":"https:\/\/balinadoo.com\/wp-content\/uploads\/2024\/01\/guma-crna-8028B-scaled.jpeg","contentUrl":"https:\/\/balinadoo.com\/wp-content\/uploads\/2024\/01\/guma-crna-8028B-scaled.jpeg","width":1920,"height":2560},{"@type":"BreadcrumbList","@id":"https:\/\/balinadoo.com\/?product=guma-8028b#breadcrumb","itemListElement":[{"@type":"ListItem","position":1,"name":"Home","item":"https:\/\/balinadoo.com\/"},{"@type":"ListItem","position":2,"name":"Prodavnica","item":"https:\/\/balinadoo.com\/?page_id=1613"},{"@type":"ListItem","position":3,"name":"Guma za kupatilo"}]},{"@type":"WebSite","@id":"https:\/\/balinadoo.com\/#website","url":"https:\/\/balinadoo.com\/","name":"Balina d.o.o.","description":"","publisher":{"@id":"https:\/\/balinadoo.com\/#organization"},"potentialAction":[{"@type":"SearchAction","target":{"@type":"EntryPoint","urlTemplate":"https:\/\/balinadoo.com\/?s={search_term_string}"},"query-input":{"@type":"PropertyValueSpecification","valueRequired":true,"valueName":"search_term_string"}}],"inLanguage":"en-US"},{"@type":"Organization","@id":"https:\/\/balinadoo.com\/#organization","name":"Balina d.o.o.","url":"https:\/\/balinadoo.com\/","logo":{"@type":"ImageObject","inLanguage":"en-US","@id":"https:\/\/balinadoo.com\/#\/schema\/logo\/image\/","url":"https:\/\/balinadoo.com\/wp-content\/uploads\/2020\/02\/eb144ab4-88cd-44e9-8d0f-800a3cad3623.jpg","contentUrl":"https:\/\/balinadoo.com\/wp-content\/uploads\/2020\/02\/eb144ab4-88cd-44e9-8d0f-800a3cad3623.jpg","width":866,"height":1024,"caption":"Balina d.o.o."},"image":{"@id":"https:\/\/balinadoo.com\/#\/schema\/logo\/image\/"}}]}},"jetpack_sharing_enabled":true,"_links":{"self":[{"href":"https:\/\/balinadoo.com\/index.php?rest_route=\/wp\/v2\/product\/2220","targetHints":{"allow":["GET"]}}],"collection":[{"href":"https:\/\/balinadoo.com\/index.php?rest_route=\/wp\/v2\/product"}],"about":[{"href":"https:\/\/balinadoo.com\/index.php?rest_route=\/wp\/v2\/types\/product"}],"replies":[{"embeddable":true,"href":"https:\/\/balinadoo.com\/index.php?rest_route=%2Fwp%2Fv2%2Fcomments&post=2220"}],"wp:featuredmedia":[{"embeddable":true,"href":"https:\/\/balinadoo.com\/index.php?rest_route=\/wp\/v2\/media\/2223"}],"wp:attachment":[{"href":"https:\/\/balinadoo.com\/index.php?rest_route=%2Fwp%2Fv2%2Fmedia&parent=2220"}],"wp:term":[{"taxonomy":"product_cat","embeddable":true,"href":"https:\/\/balinadoo.com\/index.php?rest_route=%2Fwp%2Fv2%2Fproduct_cat&post=2220"},{"taxonomy":"product_tag","embeddable":true,"href":"https:\/\/balinadoo.com\/index.php?rest_route=%2Fwp%2Fv2%2Fproduct_tag&post=2220"}],"curies":[{"name":"wp","href":"https:\/\/api.w.org\/{rel}","templated":true}]}}