{"id":2295,"date":"2024-02-09T13:53:50","date_gmt":"2024-02-09T13:53:50","guid":{"rendered":"https:\/\/balinadoo.com\/?post_type=product&#038;p=2295"},"modified":"2024-02-09T14:04:52","modified_gmt":"2024-02-09T14:04:52","slug":"otirac-gumirani","status":"publish","type":"product","link":"https:\/\/balinadoo.com\/?product=otirac-gumirani","title":{"rendered":"Otira\u010d &#8211; gumirani"},"content":{"rendered":"<p><strong>Gumirani otira\u010di su sjajni za imati u svom domu. Efikasno uklanjaju prljav\u0161tinu sa cipela, zadr\u017eavaju vlagu i prljav\u0161tinu vani, izdr\u017eljivi su i lako se \u010diste, \u010dime \u0107e tvoj pod ostati \u010dist i suv. Tako da, imati gumirane otira\u010de je odli\u010dan na\u010din da odr\u017eite svoj dom \u010distim i smanjite unos prljav\u0161tine.<\/strong><\/p>\n<p>Oblik- pravougaoni<\/p>\n","protected":false},"excerpt":{"rendered":"<p>Otira\u010d PPM- gumirani<\/p>\n","protected":false},"featured_media":2302,"comment_status":"open","ping_status":"closed","template":"","meta":{"site-sidebar-layout":"default","site-content-layout":"","ast-site-content-layout":"default","site-content-style":"default","site-sidebar-style":"default","ast-global-header-display":"","ast-banner-title-visibility":"","ast-main-header-display":"","ast-hfb-above-header-display":"","ast-hfb-below-header-display":"","ast-hfb-mobile-header-display":"","site-post-title":"","ast-breadcrumbs-content":"","ast-featured-img":"","footer-sml-layout":"","theme-transparent-header-meta":"default","adv-header-id-meta":"","stick-header-meta":"","header-above-stick-meta":"","header-main-stick-meta":"","header-below-stick-meta":"","astra-migrate-meta-layouts":"set","ast-page-background-enabled":"default","ast-page-background-meta":{"desktop":{"background-color":"","background-image":"","background-repeat":"repeat","background-position":"center center","background-size":"auto","background-attachment":"scroll","background-type":"","background-media":"","overlay-type":"","overlay-color":"","overlay-gradient":""},"tablet":{"background-color":"","background-image":"","background-repeat":"repeat","background-position":"center center","background-size":"auto","background-attachment":"scroll","background-type":"","background-media":"","overlay-type":"","overlay-color":"","overlay-gradient":""},"mobile":{"background-color":"","background-image":"","background-repeat":"repeat","background-position":"center center","background-size":"auto","background-attachment":"scroll","background-type":"","background-media":"","overlay-type":"","overlay-color":"","overlay-gradient":""}},"ast-content-background-meta":{"desktop":{"background-color":"var(--ast-global-color-5)","background-image":"","background-repeat":"repeat","background-position":"center center","background-size":"auto","background-attachment":"scroll","background-type":"","background-media":"","overlay-type":"","overlay-color":"","overlay-gradient":""},"tablet":{"background-color":"var(--ast-global-color-5)","background-image":"","background-repeat":"repeat","background-position":"center center","background-size":"auto","background-attachment":"scroll","background-type":"","background-media":"","overlay-type":"","overlay-color":"","overlay-gradient":""},"mobile":{"background-color":"var(--ast-global-color-5)","background-image":"","background-repeat":"repeat","background-position":"center center","background-size":"auto","background-attachment":"scroll","background-type":"","background-media":"","overlay-type":"","overlay-color":"","overlay-gradient":""}}},"product_cat":[42],"product_tag":[43],"class_list":{"0":"post-2295","1":"product","2":"type-product","3":"status-publish","4":"has-post-thumbnail","6":"product_cat-otiraci","7":"product_tag-otiraci","8":"desktop-align-center","9":"tablet-align-left","10":"mobile-align-left","12":"first","13":"instock","14":"taxable","15":"shipping-taxable","16":"purchasable","17":"product-type-variable"},"yoast_head":"<!-- This site is optimized with the Yoast SEO plugin v24.1 - https:\/\/yoast.com\/wordpress\/plugins\/seo\/ -->\n<title>Otira\u010d - gumirani - Balina d.o.o.<\/title>\n<meta name=\"robots\" content=\"index, follow, max-snippet:-1, max-image-preview:large, max-video-preview:-1\" \/>\n<link rel=\"canonical\" href=\"https:\/\/balinadoo.com\/?product=otirac-gumirani\" \/>\n<meta property=\"og:locale\" content=\"en_US\" \/>\n<meta property=\"og:type\" content=\"article\" \/>\n<meta property=\"og:title\" content=\"Otira\u010d - gumirani - Balina d.o.o.\" \/>\n<meta property=\"og:description\" content=\"Otira\u010d PPM- gumirani\" \/>\n<meta property=\"og:url\" content=\"https:\/\/balinadoo.com\/?product=otirac-gumirani\" \/>\n<meta property=\"og:site_name\" content=\"Balina d.o.o.\" \/>\n<meta property=\"article:modified_time\" content=\"2024-02-09T14:04:52+00:00\" \/>\n<meta property=\"og:image\" content=\"https:\/\/balinadoo.com\/wp-content\/uploads\/2024\/02\/otirac-7-scaled.jpeg\" \/>\n\t<meta property=\"og:image:width\" content=\"1920\" \/>\n\t<meta property=\"og:image:height\" content=\"2560\" \/>\n\t<meta property=\"og:image:type\" content=\"image\/jpeg\" \/>\n<meta name=\"twitter:card\" content=\"summary_large_image\" \/>\n<script type=\"application\/ld+json\" class=\"yoast-schema-graph\">{\"@context\":\"https:\/\/schema.org\",\"@graph\":[{\"@type\":\"WebPage\",\"@id\":\"https:\/\/balinadoo.com\/?product=otirac-gumirani\",\"url\":\"https:\/\/balinadoo.com\/?product=otirac-gumirani\",\"name\":\"Otira\u010d - gumirani - Balina d.o.o.\",\"isPartOf\":{\"@id\":\"https:\/\/balinadoo.com\/#website\"},\"primaryImageOfPage\":{\"@id\":\"https:\/\/balinadoo.com\/?product=otirac-gumirani#primaryimage\"},\"image\":{\"@id\":\"https:\/\/balinadoo.com\/?product=otirac-gumirani#primaryimage\"},\"thumbnailUrl\":\"https:\/\/balinadoo.com\/wp-content\/uploads\/2024\/02\/otirac-7-scaled.jpeg\",\"datePublished\":\"2024-02-09T13:53:50+00:00\",\"dateModified\":\"2024-02-09T14:04:52+00:00\",\"breadcrumb\":{\"@id\":\"https:\/\/balinadoo.com\/?product=otirac-gumirani#breadcrumb\"},\"inLanguage\":\"en-US\",\"potentialAction\":[{\"@type\":\"ReadAction\",\"target\":[\"https:\/\/balinadoo.com\/?product=otirac-gumirani\"]}]},{\"@type\":\"ImageObject\",\"inLanguage\":\"en-US\",\"@id\":\"https:\/\/balinadoo.com\/?product=otirac-gumirani#primaryimage\",\"url\":\"https:\/\/balinadoo.com\/wp-content\/uploads\/2024\/02\/otirac-7-scaled.jpeg\",\"contentUrl\":\"https:\/\/balinadoo.com\/wp-content\/uploads\/2024\/02\/otirac-7-scaled.jpeg\",\"width\":1920,\"height\":2560},{\"@type\":\"BreadcrumbList\",\"@id\":\"https:\/\/balinadoo.com\/?product=otirac-gumirani#breadcrumb\",\"itemListElement\":[{\"@type\":\"ListItem\",\"position\":1,\"name\":\"Home\",\"item\":\"https:\/\/balinadoo.com\/\"},{\"@type\":\"ListItem\",\"position\":2,\"name\":\"Prodavnica\",\"item\":\"https:\/\/balinadoo.com\/?page_id=1613\"},{\"@type\":\"ListItem\",\"position\":3,\"name\":\"Otira\u010d &#8211; gumirani\"}]},{\"@type\":\"WebSite\",\"@id\":\"https:\/\/balinadoo.com\/#website\",\"url\":\"https:\/\/balinadoo.com\/\",\"name\":\"Balina d.o.o.\",\"description\":\"\",\"publisher\":{\"@id\":\"https:\/\/balinadoo.com\/#organization\"},\"potentialAction\":[{\"@type\":\"SearchAction\",\"target\":{\"@type\":\"EntryPoint\",\"urlTemplate\":\"https:\/\/balinadoo.com\/?s={search_term_string}\"},\"query-input\":{\"@type\":\"PropertyValueSpecification\",\"valueRequired\":true,\"valueName\":\"search_term_string\"}}],\"inLanguage\":\"en-US\"},{\"@type\":\"Organization\",\"@id\":\"https:\/\/balinadoo.com\/#organization\",\"name\":\"Balina d.o.o.\",\"url\":\"https:\/\/balinadoo.com\/\",\"logo\":{\"@type\":\"ImageObject\",\"inLanguage\":\"en-US\",\"@id\":\"https:\/\/balinadoo.com\/#\/schema\/logo\/image\/\",\"url\":\"https:\/\/balinadoo.com\/wp-content\/uploads\/2020\/02\/eb144ab4-88cd-44e9-8d0f-800a3cad3623.jpg\",\"contentUrl\":\"https:\/\/balinadoo.com\/wp-content\/uploads\/2020\/02\/eb144ab4-88cd-44e9-8d0f-800a3cad3623.jpg\",\"width\":866,\"height\":1024,\"caption\":\"Balina d.o.o.\"},\"image\":{\"@id\":\"https:\/\/balinadoo.com\/#\/schema\/logo\/image\/\"}}]}<\/script>\n<!-- \/ Yoast SEO plugin. -->","yoast_head_json":{"title":"Otira\u010d - gumirani - Balina d.o.o.","robots":{"index":"index","follow":"follow","max-snippet":"max-snippet:-1","max-image-preview":"max-image-preview:large","max-video-preview":"max-video-preview:-1"},"canonical":"https:\/\/balinadoo.com\/?product=otirac-gumirani","og_locale":"en_US","og_type":"article","og_title":"Otira\u010d - gumirani - Balina d.o.o.","og_description":"Otira\u010d PPM- gumirani","og_url":"https:\/\/balinadoo.com\/?product=otirac-gumirani","og_site_name":"Balina d.o.o.","article_modified_time":"2024-02-09T14:04:52+00:00","og_image":[{"width":1920,"height":2560,"url":"https:\/\/balinadoo.com\/wp-content\/uploads\/2024\/02\/otirac-7-scaled.jpeg","type":"image\/jpeg"}],"twitter_card":"summary_large_image","schema":{"@context":"https:\/\/schema.org","@graph":[{"@type":"WebPage","@id":"https:\/\/balinadoo.com\/?product=otirac-gumirani","url":"https:\/\/balinadoo.com\/?product=otirac-gumirani","name":"Otira\u010d - gumirani - Balina d.o.o.","isPartOf":{"@id":"https:\/\/balinadoo.com\/#website"},"primaryImageOfPage":{"@id":"https:\/\/balinadoo.com\/?product=otirac-gumirani#primaryimage"},"image":{"@id":"https:\/\/balinadoo.com\/?product=otirac-gumirani#primaryimage"},"thumbnailUrl":"https:\/\/balinadoo.com\/wp-content\/uploads\/2024\/02\/otirac-7-scaled.jpeg","datePublished":"2024-02-09T13:53:50+00:00","dateModified":"2024-02-09T14:04:52+00:00","breadcrumb":{"@id":"https:\/\/balinadoo.com\/?product=otirac-gumirani#breadcrumb"},"inLanguage":"en-US","potentialAction":[{"@type":"ReadAction","target":["https:\/\/balinadoo.com\/?product=otirac-gumirani"]}]},{"@type":"ImageObject","inLanguage":"en-US","@id":"https:\/\/balinadoo.com\/?product=otirac-gumirani#primaryimage","url":"https:\/\/balinadoo.com\/wp-content\/uploads\/2024\/02\/otirac-7-scaled.jpeg","contentUrl":"https:\/\/balinadoo.com\/wp-content\/uploads\/2024\/02\/otirac-7-scaled.jpeg","width":1920,"height":2560},{"@type":"BreadcrumbList","@id":"https:\/\/balinadoo.com\/?product=otirac-gumirani#breadcrumb","itemListElement":[{"@type":"ListItem","position":1,"name":"Home","item":"https:\/\/balinadoo.com\/"},{"@type":"ListItem","position":2,"name":"Prodavnica","item":"https:\/\/balinadoo.com\/?page_id=1613"},{"@type":"ListItem","position":3,"name":"Otira\u010d &#8211; gumirani"}]},{"@type":"WebSite","@id":"https:\/\/balinadoo.com\/#website","url":"https:\/\/balinadoo.com\/","name":"Balina d.o.o.","description":"","publisher":{"@id":"https:\/\/balinadoo.com\/#organization"},"potentialAction":[{"@type":"SearchAction","target":{"@type":"EntryPoint","urlTemplate":"https:\/\/balinadoo.com\/?s={search_term_string}"},"query-input":{"@type":"PropertyValueSpecification","valueRequired":true,"valueName":"search_term_string"}}],"inLanguage":"en-US"},{"@type":"Organization","@id":"https:\/\/balinadoo.com\/#organization","name":"Balina d.o.o.","url":"https:\/\/balinadoo.com\/","logo":{"@type":"ImageObject","inLanguage":"en-US","@id":"https:\/\/balinadoo.com\/#\/schema\/logo\/image\/","url":"https:\/\/balinadoo.com\/wp-content\/uploads\/2020\/02\/eb144ab4-88cd-44e9-8d0f-800a3cad3623.jpg","contentUrl":"https:\/\/balinadoo.com\/wp-content\/uploads\/2020\/02\/eb144ab4-88cd-44e9-8d0f-800a3cad3623.jpg","width":866,"height":1024,"caption":"Balina d.o.o."},"image":{"@id":"https:\/\/balinadoo.com\/#\/schema\/logo\/image\/"}}]}},"jetpack_sharing_enabled":true,"_links":{"self":[{"href":"https:\/\/balinadoo.com\/index.php?rest_route=\/wp\/v2\/product\/2295","targetHints":{"allow":["GET"]}}],"collection":[{"href":"https:\/\/balinadoo.com\/index.php?rest_route=\/wp\/v2\/product"}],"about":[{"href":"https:\/\/balinadoo.com\/index.php?rest_route=\/wp\/v2\/types\/product"}],"replies":[{"embeddable":true,"href":"https:\/\/balinadoo.com\/index.php?rest_route=%2Fwp%2Fv2%2Fcomments&post=2295"}],"wp:featuredmedia":[{"embeddable":true,"href":"https:\/\/balinadoo.com\/index.php?rest_route=\/wp\/v2\/media\/2302"}],"wp:attachment":[{"href":"https:\/\/balinadoo.com\/index.php?rest_route=%2Fwp%2Fv2%2Fmedia&parent=2295"}],"wp:term":[{"taxonomy":"product_cat","embeddable":true,"href":"https:\/\/balinadoo.com\/index.php?rest_route=%2Fwp%2Fv2%2Fproduct_cat&post=2295"},{"taxonomy":"product_tag","embeddable":true,"href":"https:\/\/balinadoo.com\/index.php?rest_route=%2Fwp%2Fv2%2Fproduct_tag&post=2295"}],"curies":[{"name":"wp","href":"https:\/\/api.w.org\/{rel}","templated":true}]}}