{"id":3087,"date":"2024-12-20T15:31:48","date_gmt":"2024-12-20T15:31:48","guid":{"rendered":"https:\/\/balinadoo.com\/?post_type=product&#038;p=3087"},"modified":"2024-12-20T15:31:49","modified_gmt":"2024-12-20T15:31:49","slug":"samoupijajuca-prostirka-38cm-x-58cm-2","status":"publish","type":"product","link":"https:\/\/balinadoo.com\/?product=samoupijajuca-prostirka-38cm-x-58cm-2","title":{"rendered":"Samoupijaju\u0107a prostirka 38cm x 58cm"},"content":{"rendered":"<p><strong>Samoupijaju\u0107a prostirke za kupatilo su apsolutno fantasti\u010dne! One su napravljene od posebnog materijala koji brzo upija vodu, \u010dime spre\u010davaju klizanje i pru\u017eaju sigurnost. Tako\u0111e, ove prostirke su veoma mekane i udobne za hodanje. Ne samo da \u010duvaju tvoje podove od vlage, ve\u0107 pru\u017eaju dodatni ose\u0107aj luksuza i udobnosti u tvom kupatilu. Zbog toga, upijaju\u0107e prostirke su apsolutno neophodne!<\/strong><\/p>\n<p>Oblik: Polukrug<\/p>\n<p>Dimenzija: 38cm x 58cm<\/p>\n<p>Debljina 3.5mm<\/p>\n","protected":false},"excerpt":{"rendered":"<p>Samoupijaju\u0107a prostirke za kupatilo su apsolutno fantasti\u010dne! One su napravljene od posebnog materijala koji brzo upija vodu, \u010dime spre\u010davaju klizanje i pru\u017eaju sigurnost. Tako\u0111e, ove prostirke su veoma mekane i udobne za hodanje. Ne samo da \u010duvaju tvoje podove od vlage, ve\u0107 pru\u017eaju dodatni ose\u0107aj luksuza i udobnosti u tvom kupatilu. Zbog toga, upijaju\u0107e prostirke [&hellip;]<\/p>\n","protected":false},"featured_media":3065,"comment_status":"open","ping_status":"closed","template":"","meta":{"site-sidebar-layout":"default","site-content-layout":"","ast-site-content-layout":"default","site-content-style":"default","site-sidebar-style":"default","ast-global-header-display":"","ast-banner-title-visibility":"","ast-main-header-display":"","ast-hfb-above-header-display":"","ast-hfb-below-header-display":"","ast-hfb-mobile-header-display":"","site-post-title":"","ast-breadcrumbs-content":"","ast-featured-img":"","footer-sml-layout":"","theme-transparent-header-meta":"default","adv-header-id-meta":"","stick-header-meta":"","header-above-stick-meta":"","header-main-stick-meta":"","header-below-stick-meta":"","astra-migrate-meta-layouts":"set","ast-page-background-enabled":"default","ast-page-background-meta":{"desktop":{"background-color":"","background-image":"","background-repeat":"repeat","background-position":"center center","background-size":"auto","background-attachment":"scroll","background-type":"","background-media":"","overlay-type":"","overlay-color":"","overlay-gradient":""},"tablet":{"background-color":"","background-image":"","background-repeat":"repeat","background-position":"center center","background-size":"auto","background-attachment":"scroll","background-type":"","background-media":"","overlay-type":"","overlay-color":"","overlay-gradient":""},"mobile":{"background-color":"","background-image":"","background-repeat":"repeat","background-position":"center center","background-size":"auto","background-attachment":"scroll","background-type":"","background-media":"","overlay-type":"","overlay-color":"","overlay-gradient":""}},"ast-content-background-meta":{"desktop":{"background-color":"var(--ast-global-color-5)","background-image":"","background-repeat":"repeat","background-position":"center center","background-size":"auto","background-attachment":"scroll","background-type":"","background-media":"","overlay-type":"","overlay-color":"","overlay-gradient":""},"tablet":{"background-color":"var(--ast-global-color-5)","background-image":"","background-repeat":"repeat","background-position":"center center","background-size":"auto","background-attachment":"scroll","background-type":"","background-media":"","overlay-type":"","overlay-color":"","overlay-gradient":""},"mobile":{"background-color":"var(--ast-global-color-5)","background-image":"","background-repeat":"repeat","background-position":"center center","background-size":"auto","background-attachment":"scroll","background-type":"","background-media":"","overlay-type":"","overlay-color":"","overlay-gradient":""}}},"product_cat":[44,54],"product_tag":[47],"class_list":{"0":"post-3087","1":"product","2":"type-product","3":"status-publish","4":"has-post-thumbnail","6":"product_cat-kupatilo","7":"product_cat-samoupijajuca-prostirke","8":"product_tag-kupatilo","9":"desktop-align-center","10":"tablet-align-left","11":"mobile-align-left","13":"first","14":"instock","15":"taxable","16":"shipping-taxable","17":"purchasable","18":"product-type-variable"},"yoast_head":"<!-- This site is optimized with the Yoast SEO plugin v24.1 - https:\/\/yoast.com\/wordpress\/plugins\/seo\/ -->\n<title>Samoupijaju\u0107a prostirka 38cm x 58cm - Balina d.o.o.<\/title>\n<meta name=\"robots\" content=\"index, follow, max-snippet:-1, max-image-preview:large, max-video-preview:-1\" \/>\n<link rel=\"canonical\" href=\"https:\/\/balinadoo.com\/?product=samoupijajuca-prostirka-38cm-x-58cm-2\" \/>\n<meta property=\"og:locale\" content=\"en_US\" \/>\n<meta property=\"og:type\" content=\"article\" \/>\n<meta property=\"og:title\" content=\"Samoupijaju\u0107a prostirka 38cm x 58cm - Balina d.o.o.\" \/>\n<meta property=\"og:description\" content=\"Samoupijaju\u0107a prostirke za kupatilo su apsolutno fantasti\u010dne! One su napravljene od posebnog materijala koji brzo upija vodu, \u010dime spre\u010davaju klizanje i pru\u017eaju sigurnost. Tako\u0111e, ove prostirke su veoma mekane i udobne za hodanje. Ne samo da \u010duvaju tvoje podove od vlage, ve\u0107 pru\u017eaju dodatni ose\u0107aj luksuza i udobnosti u tvom kupatilu. Zbog toga, upijaju\u0107e prostirke [&hellip;]\" \/>\n<meta property=\"og:url\" content=\"https:\/\/balinadoo.com\/?product=samoupijajuca-prostirka-38cm-x-58cm-2\" \/>\n<meta property=\"og:site_name\" content=\"Balina d.o.o.\" \/>\n<meta property=\"article:modified_time\" content=\"2024-12-20T15:31:49+00:00\" \/>\n<meta property=\"og:image\" content=\"https:\/\/balinadoo.com\/wp-content\/uploads\/2024\/12\/IMG_4502-scaled.jpeg\" \/>\n\t<meta property=\"og:image:width\" content=\"1920\" \/>\n\t<meta property=\"og:image:height\" content=\"2560\" \/>\n\t<meta property=\"og:image:type\" content=\"image\/jpeg\" \/>\n<meta name=\"twitter:card\" content=\"summary_large_image\" \/>\n<script type=\"application\/ld+json\" class=\"yoast-schema-graph\">{\"@context\":\"https:\/\/schema.org\",\"@graph\":[{\"@type\":\"WebPage\",\"@id\":\"https:\/\/balinadoo.com\/?product=samoupijajuca-prostirka-38cm-x-58cm-2\",\"url\":\"https:\/\/balinadoo.com\/?product=samoupijajuca-prostirka-38cm-x-58cm-2\",\"name\":\"Samoupijaju\u0107a prostirka 38cm x 58cm - Balina d.o.o.\",\"isPartOf\":{\"@id\":\"https:\/\/balinadoo.com\/#website\"},\"primaryImageOfPage\":{\"@id\":\"https:\/\/balinadoo.com\/?product=samoupijajuca-prostirka-38cm-x-58cm-2#primaryimage\"},\"image\":{\"@id\":\"https:\/\/balinadoo.com\/?product=samoupijajuca-prostirka-38cm-x-58cm-2#primaryimage\"},\"thumbnailUrl\":\"https:\/\/balinadoo.com\/wp-content\/uploads\/2024\/12\/IMG_4502-scaled.jpeg\",\"datePublished\":\"2024-12-20T15:31:48+00:00\",\"dateModified\":\"2024-12-20T15:31:49+00:00\",\"breadcrumb\":{\"@id\":\"https:\/\/balinadoo.com\/?product=samoupijajuca-prostirka-38cm-x-58cm-2#breadcrumb\"},\"inLanguage\":\"en-US\",\"potentialAction\":[{\"@type\":\"ReadAction\",\"target\":[\"https:\/\/balinadoo.com\/?product=samoupijajuca-prostirka-38cm-x-58cm-2\"]}]},{\"@type\":\"ImageObject\",\"inLanguage\":\"en-US\",\"@id\":\"https:\/\/balinadoo.com\/?product=samoupijajuca-prostirka-38cm-x-58cm-2#primaryimage\",\"url\":\"https:\/\/balinadoo.com\/wp-content\/uploads\/2024\/12\/IMG_4502-scaled.jpeg\",\"contentUrl\":\"https:\/\/balinadoo.com\/wp-content\/uploads\/2024\/12\/IMG_4502-scaled.jpeg\",\"width\":1920,\"height\":2560},{\"@type\":\"BreadcrumbList\",\"@id\":\"https:\/\/balinadoo.com\/?product=samoupijajuca-prostirka-38cm-x-58cm-2#breadcrumb\",\"itemListElement\":[{\"@type\":\"ListItem\",\"position\":1,\"name\":\"Home\",\"item\":\"https:\/\/balinadoo.com\/\"},{\"@type\":\"ListItem\",\"position\":2,\"name\":\"Prodavnica\",\"item\":\"https:\/\/balinadoo.com\/?page_id=1613\"},{\"@type\":\"ListItem\",\"position\":3,\"name\":\"Samoupijaju\u0107a prostirka 38cm x 58cm\"}]},{\"@type\":\"WebSite\",\"@id\":\"https:\/\/balinadoo.com\/#website\",\"url\":\"https:\/\/balinadoo.com\/\",\"name\":\"Balina d.o.o.\",\"description\":\"\",\"publisher\":{\"@id\":\"https:\/\/balinadoo.com\/#organization\"},\"potentialAction\":[{\"@type\":\"SearchAction\",\"target\":{\"@type\":\"EntryPoint\",\"urlTemplate\":\"https:\/\/balinadoo.com\/?s={search_term_string}\"},\"query-input\":{\"@type\":\"PropertyValueSpecification\",\"valueRequired\":true,\"valueName\":\"search_term_string\"}}],\"inLanguage\":\"en-US\"},{\"@type\":\"Organization\",\"@id\":\"https:\/\/balinadoo.com\/#organization\",\"name\":\"Balina d.o.o.\",\"url\":\"https:\/\/balinadoo.com\/\",\"logo\":{\"@type\":\"ImageObject\",\"inLanguage\":\"en-US\",\"@id\":\"https:\/\/balinadoo.com\/#\/schema\/logo\/image\/\",\"url\":\"https:\/\/balinadoo.com\/wp-content\/uploads\/2020\/02\/eb144ab4-88cd-44e9-8d0f-800a3cad3623.jpg\",\"contentUrl\":\"https:\/\/balinadoo.com\/wp-content\/uploads\/2020\/02\/eb144ab4-88cd-44e9-8d0f-800a3cad3623.jpg\",\"width\":866,\"height\":1024,\"caption\":\"Balina d.o.o.\"},\"image\":{\"@id\":\"https:\/\/balinadoo.com\/#\/schema\/logo\/image\/\"}}]}<\/script>\n<!-- \/ Yoast SEO plugin. -->","yoast_head_json":{"title":"Samoupijaju\u0107a prostirka 38cm x 58cm - Balina d.o.o.","robots":{"index":"index","follow":"follow","max-snippet":"max-snippet:-1","max-image-preview":"max-image-preview:large","max-video-preview":"max-video-preview:-1"},"canonical":"https:\/\/balinadoo.com\/?product=samoupijajuca-prostirka-38cm-x-58cm-2","og_locale":"en_US","og_type":"article","og_title":"Samoupijaju\u0107a prostirka 38cm x 58cm - Balina d.o.o.","og_description":"Samoupijaju\u0107a prostirke za kupatilo su apsolutno fantasti\u010dne! One su napravljene od posebnog materijala koji brzo upija vodu, \u010dime spre\u010davaju klizanje i pru\u017eaju sigurnost. Tako\u0111e, ove prostirke su veoma mekane i udobne za hodanje. Ne samo da \u010duvaju tvoje podove od vlage, ve\u0107 pru\u017eaju dodatni ose\u0107aj luksuza i udobnosti u tvom kupatilu. Zbog toga, upijaju\u0107e prostirke [&hellip;]","og_url":"https:\/\/balinadoo.com\/?product=samoupijajuca-prostirka-38cm-x-58cm-2","og_site_name":"Balina d.o.o.","article_modified_time":"2024-12-20T15:31:49+00:00","og_image":[{"width":1920,"height":2560,"url":"https:\/\/balinadoo.com\/wp-content\/uploads\/2024\/12\/IMG_4502-scaled.jpeg","type":"image\/jpeg"}],"twitter_card":"summary_large_image","schema":{"@context":"https:\/\/schema.org","@graph":[{"@type":"WebPage","@id":"https:\/\/balinadoo.com\/?product=samoupijajuca-prostirka-38cm-x-58cm-2","url":"https:\/\/balinadoo.com\/?product=samoupijajuca-prostirka-38cm-x-58cm-2","name":"Samoupijaju\u0107a prostirka 38cm x 58cm - Balina d.o.o.","isPartOf":{"@id":"https:\/\/balinadoo.com\/#website"},"primaryImageOfPage":{"@id":"https:\/\/balinadoo.com\/?product=samoupijajuca-prostirka-38cm-x-58cm-2#primaryimage"},"image":{"@id":"https:\/\/balinadoo.com\/?product=samoupijajuca-prostirka-38cm-x-58cm-2#primaryimage"},"thumbnailUrl":"https:\/\/balinadoo.com\/wp-content\/uploads\/2024\/12\/IMG_4502-scaled.jpeg","datePublished":"2024-12-20T15:31:48+00:00","dateModified":"2024-12-20T15:31:49+00:00","breadcrumb":{"@id":"https:\/\/balinadoo.com\/?product=samoupijajuca-prostirka-38cm-x-58cm-2#breadcrumb"},"inLanguage":"en-US","potentialAction":[{"@type":"ReadAction","target":["https:\/\/balinadoo.com\/?product=samoupijajuca-prostirka-38cm-x-58cm-2"]}]},{"@type":"ImageObject","inLanguage":"en-US","@id":"https:\/\/balinadoo.com\/?product=samoupijajuca-prostirka-38cm-x-58cm-2#primaryimage","url":"https:\/\/balinadoo.com\/wp-content\/uploads\/2024\/12\/IMG_4502-scaled.jpeg","contentUrl":"https:\/\/balinadoo.com\/wp-content\/uploads\/2024\/12\/IMG_4502-scaled.jpeg","width":1920,"height":2560},{"@type":"BreadcrumbList","@id":"https:\/\/balinadoo.com\/?product=samoupijajuca-prostirka-38cm-x-58cm-2#breadcrumb","itemListElement":[{"@type":"ListItem","position":1,"name":"Home","item":"https:\/\/balinadoo.com\/"},{"@type":"ListItem","position":2,"name":"Prodavnica","item":"https:\/\/balinadoo.com\/?page_id=1613"},{"@type":"ListItem","position":3,"name":"Samoupijaju\u0107a prostirka 38cm x 58cm"}]},{"@type":"WebSite","@id":"https:\/\/balinadoo.com\/#website","url":"https:\/\/balinadoo.com\/","name":"Balina d.o.o.","description":"","publisher":{"@id":"https:\/\/balinadoo.com\/#organization"},"potentialAction":[{"@type":"SearchAction","target":{"@type":"EntryPoint","urlTemplate":"https:\/\/balinadoo.com\/?s={search_term_string}"},"query-input":{"@type":"PropertyValueSpecification","valueRequired":true,"valueName":"search_term_string"}}],"inLanguage":"en-US"},{"@type":"Organization","@id":"https:\/\/balinadoo.com\/#organization","name":"Balina d.o.o.","url":"https:\/\/balinadoo.com\/","logo":{"@type":"ImageObject","inLanguage":"en-US","@id":"https:\/\/balinadoo.com\/#\/schema\/logo\/image\/","url":"https:\/\/balinadoo.com\/wp-content\/uploads\/2020\/02\/eb144ab4-88cd-44e9-8d0f-800a3cad3623.jpg","contentUrl":"https:\/\/balinadoo.com\/wp-content\/uploads\/2020\/02\/eb144ab4-88cd-44e9-8d0f-800a3cad3623.jpg","width":866,"height":1024,"caption":"Balina d.o.o."},"image":{"@id":"https:\/\/balinadoo.com\/#\/schema\/logo\/image\/"}}]}},"jetpack_sharing_enabled":true,"_links":{"self":[{"href":"https:\/\/balinadoo.com\/index.php?rest_route=\/wp\/v2\/product\/3087","targetHints":{"allow":["GET"]}}],"collection":[{"href":"https:\/\/balinadoo.com\/index.php?rest_route=\/wp\/v2\/product"}],"about":[{"href":"https:\/\/balinadoo.com\/index.php?rest_route=\/wp\/v2\/types\/product"}],"replies":[{"embeddable":true,"href":"https:\/\/balinadoo.com\/index.php?rest_route=%2Fwp%2Fv2%2Fcomments&post=3087"}],"wp:featuredmedia":[{"embeddable":true,"href":"https:\/\/balinadoo.com\/index.php?rest_route=\/wp\/v2\/media\/3065"}],"wp:attachment":[{"href":"https:\/\/balinadoo.com\/index.php?rest_route=%2Fwp%2Fv2%2Fmedia&parent=3087"}],"wp:term":[{"taxonomy":"product_cat","embeddable":true,"href":"https:\/\/balinadoo.com\/index.php?rest_route=%2Fwp%2Fv2%2Fproduct_cat&post=3087"},{"taxonomy":"product_tag","embeddable":true,"href":"https:\/\/balinadoo.com\/index.php?rest_route=%2Fwp%2Fv2%2Fproduct_tag&post=3087"}],"curies":[{"name":"wp","href":"https:\/\/api.w.org\/{rel}","templated":true}]}}